{"id":58,"date":"2023-02-20T14:43:52","date_gmt":"2023-02-20T14:43:52","guid":{"rendered":"https:\/\/artistes-rendeux.be\/?page_id=58"},"modified":"2024-04-27T08:08:44","modified_gmt":"2024-04-27T08:08:44","slug":"sculpture","status":"publish","type":"page","link":"https:\/\/artistes-rendeux.be\/index.php\/sculpture\/","title":{"rendered":"Sculpture"},"content":{"rendered":"\t\t<div data-elementor-type=\"wp-page\" data-elementor-id=\"58\" class=\"elementor elementor-58\">\n\t\t\t\t\t\t<section class=\"elementor-section elementor-top-section elementor-element elementor-element-30aee22a elementor-section-boxed elementor-section-height-default elementor-section-height-default\" data-id=\"30aee22a\" data-element_type=\"section\" data-e-type=\"section\">\n\t\t\t\t\t\t<div class=\"elementor-container elementor-column-gap-default\">\n\t\t\t\t\t<div class=\"elementor-column elementor-col-100 elementor-top-column elementor-element elementor-element-4b45c018\" data-id=\"4b45c018\" data-element_type=\"column\" data-e-type=\"column\">\n\t\t\t<div class=\"elementor-widget-wrap elementor-element-populated\">\n\t\t\t\t\t\t<div class=\"elementor-element elementor-element-5723484d elementor-widget elementor-widget-text-editor\" data-id=\"5723484d\" data-element_type=\"widget\" data-e-type=\"widget\" data-widget_type=\"text-editor.default\">\n\t\t\t\t<div class=\"elementor-widget-container\">\n\t\t\t\t\t\t\t\t\t<p style=\"margin: 0cm; font-size: 18px; text-align: center; background-image: initial; background-position: initial; background-size: initial; background-repeat: initial; background-attachment: initial; background-origin: initial; background-clip: initial; font-family: Arial, sans-serif; color: black;\">Venez appr\u00e9cier la beaut\u00e9 et la qualit\u00e9 des sculptures pr\u00e9sent\u00e9es sur notre site<br \/>et d\u00e9couvrez l\u2019habilet\u00e9 et la cr\u00e9ativit\u00e9 de nos sculpteurs locaux. Notre site regroupe<br \/>une s\u00e9lection vari\u00e9e de sculptures, allant des \u0153uvres en bois aux \u0153uvres en m\u00e9tal, en passant<br \/>par les sculptures en pierre et en c\u00e9ramique.\u00a0<\/p>\t\t\t\t\t\t\t\t<\/div>\n\t\t\t\t<\/div>\n\t\t\t\t<div class=\"elementor-element elementor-element-1f914375 elementor-widget-divider--view-line elementor-widget elementor-widget-divider\" data-id=\"1f914375\" data-element_type=\"widget\" data-e-type=\"widget\" data-widget_type=\"divider.default\">\n\t\t\t\t<div class=\"elementor-widget-container\">\n\t\t\t\t\t\t\t<div class=\"elementor-divider\">\n\t\t\t<span class=\"elementor-divider-separator\">\n\t\t\t\t\t\t<\/span>\n\t\t<\/div>\n\t\t\t\t\t\t<\/div>\n\t\t\t\t<\/div>\n\t\t\t\t\t<\/div>\n\t\t<\/div>\n\t\t\t\t\t<\/div>\n\t\t<\/section>\n\t\t\t\t<section class=\"elementor-section elementor-top-section elementor-element elementor-element-63be1f61 bloc-artiste elementor-section-boxed elementor-section-height-default elementor-section-height-default elementor-invisible\" data-id=\"63be1f61\" data-element_type=\"section\" data-e-type=\"section\" data-settings=\"{&quot;animation&quot;:&quot;fadeInUp&quot;}\">\n\t\t\t\t\t\t<div class=\"elementor-container elementor-column-gap-default\">\n\t\t\t\t\t<div class=\"elementor-column elementor-col-33 elementor-top-column elementor-element elementor-element-493227b left-div-col\" data-id=\"493227b\" data-element_type=\"column\" data-e-type=\"column\">\n\t\t\t<div class=\"elementor-widget-wrap elementor-element-populated\">\n\t\t\t\t\t\t<div class=\"elementor-element elementor-element-6ad3a6ac elementor-arrows-position-inside elementor-widget elementor-widget-image-carousel\" data-id=\"6ad3a6ac\" data-element_type=\"widget\" data-e-type=\"widget\" data-settings=\"{&quot;slides_to_show&quot;:&quot;1&quot;,&quot;navigation&quot;:&quot;arrows&quot;,&quot;autoplay&quot;:&quot;yes&quot;,&quot;pause_on_hover&quot;:&quot;yes&quot;,&quot;pause_on_interaction&quot;:&quot;yes&quot;,&quot;autoplay_speed&quot;:5000,&quot;infinite&quot;:&quot;yes&quot;,&quot;effect&quot;:&quot;slide&quot;,&quot;speed&quot;:500}\" data-widget_type=\"image-carousel.default\">\n\t\t\t\t<div class=\"elementor-widget-container\">\n\t\t\t\t\t\t\t<div class=\"elementor-image-carousel-wrapper swiper\" role=\"region\" aria-roledescription=\"carousel\" aria-label=\"Carrousel d\u2019images\" dir=\"ltr\">\n\t\t\t<div class=\"elementor-image-carousel swiper-wrapper\" aria-live=\"off\">\n\t\t\t\t\t\t\t\t<div class=\"swiper-slide\" role=\"group\" aria-roledescription=\"slide\" aria-label=\"1 sur 2\"><a data-elementor-open-lightbox=\"yes\" data-elementor-lightbox-slideshow=\"6ad3a6ac\" data-elementor-lightbox-title=\"IMG_2905\" data-e-action-hash=\"#elementor-action%3Aaction%3Dlightbox%26settings%3DeyJpZCI6MjYwNSwidXJsIjoiaHR0cHM6XC9cL2FydGlzdGVzLXJlbmRldXguYmVcL3dwLWNvbnRlbnRcL3VwbG9hZHNcLzIwMjNcLzA0XC9JTUdfMjkwNS1zY2FsZWQuanBnIiwic2xpZGVzaG93IjoiNmFkM2E2YWMifQ%3D%3D\" href=\"https:\/\/artistes-rendeux.be\/wp-content\/uploads\/2023\/04\/IMG_2905-scaled.jpg\"><figure class=\"swiper-slide-inner\"><img decoding=\"async\" class=\"swiper-slide-image\" src=\"https:\/\/artistes-rendeux.be\/wp-content\/uploads\/2023\/04\/IMG_2905-768x1152.jpg\" alt=\"IMG_2905\" \/><\/figure><\/a><\/div><div class=\"swiper-slide\" role=\"group\" aria-roledescription=\"slide\" aria-label=\"2 sur 2\"><a data-elementor-open-lightbox=\"yes\" data-elementor-lightbox-slideshow=\"6ad3a6ac\" data-elementor-lightbox-title=\"dav\" data-e-action-hash=\"#elementor-action%3Aaction%3Dlightbox%26settings%3DeyJpZCI6MjYwNiwidXJsIjoiaHR0cHM6XC9cL2FydGlzdGVzLXJlbmRldXguYmVcL3dwLWNvbnRlbnRcL3VwbG9hZHNcLzIwMjNcLzA0XC9JTUdfMjAyMDExMDZfMTE0NzU5LXNjYWxlZC5qcGciLCJzbGlkZXNob3ciOiI2YWQzYTZhYyJ9\" href=\"https:\/\/artistes-rendeux.be\/wp-content\/uploads\/2023\/04\/IMG_20201106_114759-scaled.jpg\"><figure class=\"swiper-slide-inner\"><img decoding=\"async\" class=\"swiper-slide-image\" src=\"https:\/\/artistes-rendeux.be\/wp-content\/uploads\/2023\/04\/IMG_20201106_114759-768x1024.jpg\" alt=\"dav\" \/><figcaption class=\"elementor-image-carousel-caption\">dav<\/figcaption><\/figure><\/a><\/div>\t\t\t<\/div>\n\t\t\t\t\t\t\t\t\t\t\t\t<div class=\"elementor-swiper-button elementor-swiper-button-prev\" role=\"button\" tabindex=\"0\">\n\t\t\t\t\t\t<i aria-hidden=\"true\" class=\"eicon-chevron-left\"><\/i>\t\t\t\t\t<\/div>\n\t\t\t\t\t<div class=\"elementor-swiper-button elementor-swiper-button-next\" role=\"button\" tabindex=\"0\">\n\t\t\t\t\t\t<i aria-hidden=\"true\" class=\"eicon-chevron-right\"><\/i>\t\t\t\t\t<\/div>\n\t\t\t\t\n\t\t\t\t\t\t\t\t\t<\/div>\n\t\t\t\t\t\t<\/div>\n\t\t\t\t<\/div>\n\t\t\t\t<div class=\"elementor-element elementor-element-56f6851 text-addon elementor-widget elementor-widget-text-editor\" data-id=\"56f6851\" data-element_type=\"widget\" data-e-type=\"widget\" data-widget_type=\"text-editor.default\">\n\t\t\t\t<div class=\"elementor-widget-container\">\n\t\t\t\t\t\t\t\t\t<p>Simple clic sur l&rsquo;\u0153uvre pour l&rsquo;agrandir.<\/p>\t\t\t\t\t\t\t\t<\/div>\n\t\t\t\t<\/div>\n\t\t\t\t\t<\/div>\n\t\t<\/div>\n\t\t\t\t<div class=\"elementor-column elementor-col-33 elementor-top-column elementor-element elementor-element-3e5d61d5 mid-div-col\" data-id=\"3e5d61d5\" data-element_type=\"column\" data-e-type=\"column\">\n\t\t\t<div class=\"elementor-widget-wrap elementor-element-populated\">\n\t\t\t\t\t\t<div class=\"elementor-element elementor-element-248b7efb bloc-artiste-title elementor-widget elementor-widget-heading\" data-id=\"248b7efb\" data-element_type=\"widget\" data-e-type=\"widget\" data-widget_type=\"heading.default\">\n\t\t\t\t<div class=\"elementor-widget-container\">\n\t\t\t\t\t<h2 class=\"elementor-heading-title elementor-size-large\">Gilbert David <\/h2>\t\t\t\t<\/div>\n\t\t\t\t<\/div>\n\t\t\t\t<div class=\"elementor-element elementor-element-41307393 elementor-widget elementor-widget-heading\" data-id=\"41307393\" data-element_type=\"widget\" data-e-type=\"widget\" data-widget_type=\"heading.default\">\n\t\t\t\t<div class=\"elementor-widget-container\">\n\t\t\t\t\t<h4 class=\"elementor-heading-title elementor-size-default\">David Gilbert<\/h4>\t\t\t\t<\/div>\n\t\t\t\t<\/div>\n\t\t\t\t<div class=\"elementor-element elementor-element-598f9ebd elementor-widget elementor-widget-text-editor\" data-id=\"598f9ebd\" data-element_type=\"widget\" data-e-type=\"widget\" data-widget_type=\"text-editor.default\">\n\t\t\t\t<div class=\"elementor-widget-container\">\n\t\t\t\t\t\t\t\t\t<table><tbody><tr><td><em>Classification<\/em><\/td><td>\u00a0Sculpture<\/td><\/tr><tr><td><em>Sp\u00e9cialisation<\/em><\/td><td>\u00a0Travail du bois<\/td><\/tr><tr><td><em>Adresse<\/em><\/td><td>\u00a0Rue des Bruy\u00e8res 18 \u00e0 6987 Waharday (Rendeux)<\/td><\/tr><tr><td><em>Gsm \/ Fixe<\/em><\/td><td>\u00a0+32 473 758 894<\/td><\/tr><tr><td><em>Adresse mail<\/em><\/td><td>\u00a0<a href=\"mailto:gilbertdavid.consult@gmail.com\">gilbertdavid.consult@gmail.com<\/a><\/td><\/tr><tr><td><em>Adresse site web<\/em><\/td><td>\u00a0<\/td><\/tr><tr><td><em>Facebook<\/em><\/td><td><a href=\"https:\/\/www.facebook.com\/\">\u00a0<\/a><\/td><\/tr><tr><td><em>Autre<\/em><\/td><td>\u00a0<\/td><\/tr><\/tbody><\/table>\t\t\t\t\t\t\t\t<\/div>\n\t\t\t\t<\/div>\n\t\t\t\t\t<\/div>\n\t\t<\/div>\n\t\t\t\t<div class=\"elementor-column elementor-col-33 elementor-top-column elementor-element elementor-element-35fef039 right-div-col\" data-id=\"35fef039\" data-element_type=\"column\" data-e-type=\"column\">\n\t\t\t<div class=\"elementor-widget-wrap elementor-element-populated\">\n\t\t\t\t\t\t<div class=\"elementor-element elementor-element-72dc126 elementor-widget elementor-widget-image\" data-id=\"72dc126\" data-element_type=\"widget\" data-e-type=\"widget\" data-widget_type=\"image.default\">\n\t\t\t\t<div class=\"elementor-widget-container\">\n\t\t\t\t\t\t\t\t\t\t\t\t\t\t\t<img decoding=\"async\" src=\"https:\/\/artistes-rendeux.be\/wp-content\/uploads\/elementor\/thumbs\/artiste-q2mnchcohec7otnnbjwfy73bp7cyfv2l83v6yn3hao.png\" title=\"artiste\" alt=\"artiste\" loading=\"lazy\" \/>\t\t\t\t\t\t\t\t\t\t\t\t\t\t\t<\/div>\n\t\t\t\t<\/div>\n\t\t\t\t\t<\/div>\n\t\t<\/div>\n\t\t\t\t\t<\/div>\n\t\t<\/section>\n\t\t\t\t<section class=\"elementor-section elementor-top-section elementor-element elementor-element-41d19da4 elementor-section-boxed elementor-section-height-default elementor-section-height-default elementor-invisible\" data-id=\"41d19da4\" data-element_type=\"section\" data-e-type=\"section\" data-settings=\"{&quot;animation&quot;:&quot;fadeIn&quot;}\">\n\t\t\t\t\t\t<div class=\"elementor-container elementor-column-gap-default\">\n\t\t\t\t\t<div class=\"elementor-column elementor-col-100 elementor-top-column elementor-element elementor-element-35a99b8d\" data-id=\"35a99b8d\" data-element_type=\"column\" data-e-type=\"column\">\n\t\t\t<div class=\"elementor-widget-wrap elementor-element-populated\">\n\t\t\t\t\t\t<div class=\"elementor-element elementor-element-395cdeb1 elementor-widget elementor-widget-text-editor\" data-id=\"395cdeb1\" data-element_type=\"widget\" data-e-type=\"widget\" data-widget_type=\"text-editor.default\">\n\t\t\t\t<div class=\"elementor-widget-container\">\n\t\t\t\t\t\t\t\t\t<div class=\"limited-text\">\n<em style=\"color: black;\">Ici, nous pouvons placer votre texte de maximum 150 mots relatant votre chemin artistique<\/em>\n<\/div>\t\t\t\t\t\t\t\t<\/div>\n\t\t\t\t<\/div>\n\t\t\t\t<div class=\"elementor-element elementor-element-4b0357f0 elementor-widget-divider--view-line elementor-widget elementor-widget-divider\" data-id=\"4b0357f0\" data-element_type=\"widget\" data-e-type=\"widget\" data-widget_type=\"divider.default\">\n\t\t\t\t<div class=\"elementor-widget-container\">\n\t\t\t\t\t\t\t<div class=\"elementor-divider\">\n\t\t\t<span class=\"elementor-divider-separator\">\n\t\t\t\t\t\t<\/span>\n\t\t<\/div>\n\t\t\t\t\t\t<\/div>\n\t\t\t\t<\/div>\n\t\t\t\t\t<\/div>\n\t\t<\/div>\n\t\t\t\t\t<\/div>\n\t\t<\/section>\n\t\t\t\t<section class=\"elementor-section elementor-top-section elementor-element elementor-element-654b9e57 bloc-artiste elementor-section-boxed elementor-section-height-default elementor-section-height-default elementor-invisible\" data-id=\"654b9e57\" data-element_type=\"section\" data-e-type=\"section\" data-settings=\"{&quot;animation&quot;:&quot;fadeInUp&quot;}\">\n\t\t\t\t\t\t<div class=\"elementor-container elementor-column-gap-default\">\n\t\t\t\t\t<div class=\"elementor-column elementor-col-33 elementor-top-column elementor-element elementor-element-76bf552a left-div-col\" data-id=\"76bf552a\" data-element_type=\"column\" data-e-type=\"column\">\n\t\t\t<div class=\"elementor-widget-wrap elementor-element-populated\">\n\t\t\t\t\t\t<div class=\"elementor-element elementor-element-1261dc7e elementor-arrows-position-inside elementor-widget elementor-widget-image-carousel\" data-id=\"1261dc7e\" data-element_type=\"widget\" data-e-type=\"widget\" data-settings=\"{&quot;slides_to_show&quot;:&quot;1&quot;,&quot;navigation&quot;:&quot;arrows&quot;,&quot;autoplay&quot;:&quot;yes&quot;,&quot;pause_on_hover&quot;:&quot;yes&quot;,&quot;pause_on_interaction&quot;:&quot;yes&quot;,&quot;autoplay_speed&quot;:5000,&quot;infinite&quot;:&quot;yes&quot;,&quot;effect&quot;:&quot;slide&quot;,&quot;speed&quot;:500}\" data-widget_type=\"image-carousel.default\">\n\t\t\t\t<div class=\"elementor-widget-container\">\n\t\t\t\t\t\t\t<div class=\"elementor-image-carousel-wrapper swiper\" role=\"region\" aria-roledescription=\"carousel\" aria-label=\"Carrousel d\u2019images\" dir=\"ltr\">\n\t\t\t<div class=\"elementor-image-carousel swiper-wrapper\" aria-live=\"off\">\n\t\t\t\t\t\t\t\t<div class=\"swiper-slide\" role=\"group\" aria-roledescription=\"slide\" aria-label=\"1 sur 5\"><a data-elementor-open-lightbox=\"yes\" data-elementor-lightbox-slideshow=\"1261dc7e\" data-elementor-lightbox-title=\"moi\" data-e-action-hash=\"#elementor-action%3Aaction%3Dlightbox%26settings%3DeyJpZCI6MzM4MiwidXJsIjoiaHR0cHM6XC9cL2FydGlzdGVzLXJlbmRldXguYmVcL3dwLWNvbnRlbnRcL3VwbG9hZHNcLzIwMjNcLzA2XC9tb2kuanBnIiwic2xpZGVzaG93IjoiMTI2MWRjN2UifQ%3D%3D\" href=\"https:\/\/artistes-rendeux.be\/wp-content\/uploads\/2023\/06\/moi.jpg\"><figure class=\"swiper-slide-inner\"><img decoding=\"async\" class=\"swiper-slide-image\" src=\"https:\/\/artistes-rendeux.be\/wp-content\/uploads\/2023\/06\/moi-768x1218.jpg\" alt=\"moi\" \/><\/figure><\/a><\/div><div class=\"swiper-slide\" role=\"group\" aria-roledescription=\"slide\" aria-label=\"2 sur 5\"><a data-elementor-open-lightbox=\"yes\" data-elementor-lightbox-slideshow=\"1261dc7e\" data-elementor-lightbox-title=\"20230613_150713\" data-e-action-hash=\"#elementor-action%3Aaction%3Dlightbox%26settings%3DeyJpZCI6MzQ2MCwidXJsIjoiaHR0cHM6XC9cL2FydGlzdGVzLXJlbmRldXguYmVcL3dwLWNvbnRlbnRcL3VwbG9hZHNcLzIwMjNcLzA2XC8yMDIzMDYxM18xNTA3MTMtcm90YXRlZC5qcGciLCJzbGlkZXNob3ciOiIxMjYxZGM3ZSJ9\" href=\"https:\/\/artistes-rendeux.be\/wp-content\/uploads\/2023\/06\/20230613_150713-rotated.jpg\"><figure class=\"swiper-slide-inner\"><img decoding=\"async\" class=\"swiper-slide-image\" src=\"https:\/\/artistes-rendeux.be\/wp-content\/uploads\/2023\/06\/20230613_150713-768x1024.jpg\" alt=\"20230613_150713\" \/><\/figure><\/a><\/div><div class=\"swiper-slide\" role=\"group\" aria-roledescription=\"slide\" aria-label=\"3 sur 5\"><a data-elementor-open-lightbox=\"yes\" data-elementor-lightbox-slideshow=\"1261dc7e\" data-elementor-lightbox-title=\"20230610_084335\" data-e-action-hash=\"#elementor-action%3Aaction%3Dlightbox%26settings%3DeyJpZCI6MzQ2NCwidXJsIjoiaHR0cHM6XC9cL2FydGlzdGVzLXJlbmRldXguYmVcL3dwLWNvbnRlbnRcL3VwbG9hZHNcLzIwMjNcLzA2XC8yMDIzMDYxMF8wODQzMzUtc2NhbGVkLmpwZyIsInNsaWRlc2hvdyI6IjEyNjFkYzdlIn0%3D\" href=\"https:\/\/artistes-rendeux.be\/wp-content\/uploads\/2023\/06\/20230610_084335-scaled.jpg\"><figure class=\"swiper-slide-inner\"><img decoding=\"async\" class=\"swiper-slide-image\" src=\"https:\/\/artistes-rendeux.be\/wp-content\/uploads\/2023\/06\/20230610_084335-768x1111.jpg\" alt=\"Love (terre cuite vernie)\" \/><figcaption class=\"elementor-image-carousel-caption\">Love (terre cuite vernie) <\/figcaption><\/figure><\/a><\/div><div class=\"swiper-slide\" role=\"group\" aria-roledescription=\"slide\" aria-label=\"4 sur 5\"><a data-elementor-open-lightbox=\"yes\" data-elementor-lightbox-slideshow=\"1261dc7e\" data-elementor-lightbox-title=\"20230613_084703\" data-e-action-hash=\"#elementor-action%3Aaction%3Dlightbox%26settings%3DeyJpZCI6MzQ2NSwidXJsIjoiaHR0cHM6XC9cL2FydGlzdGVzLXJlbmRldXguYmVcL3dwLWNvbnRlbnRcL3VwbG9hZHNcLzIwMjNcLzA2XC8yMDIzMDYxM18wODQ3MDMtc2NhbGVkLmpwZyIsInNsaWRlc2hvdyI6IjEyNjFkYzdlIn0%3D\" href=\"https:\/\/artistes-rendeux.be\/wp-content\/uploads\/2023\/06\/20230613_084703-scaled.jpg\"><figure class=\"swiper-slide-inner\"><img decoding=\"async\" class=\"swiper-slide-image\" src=\"https:\/\/artistes-rendeux.be\/wp-content\/uploads\/2023\/06\/20230613_084703-768x1208.jpg\" alt=\"Coupl\u00e9 (bois)\" \/><figcaption class=\"elementor-image-carousel-caption\">Coupl\u00e9 (bois) <\/figcaption><\/figure><\/a><\/div><div class=\"swiper-slide\" role=\"group\" aria-roledescription=\"slide\" aria-label=\"5 sur 5\"><a data-elementor-open-lightbox=\"yes\" data-elementor-lightbox-slideshow=\"1261dc7e\" data-elementor-lightbox-title=\"20230821_161742\" data-e-action-hash=\"#elementor-action%3Aaction%3Dlightbox%26settings%3DeyJpZCI6NDYyMSwidXJsIjoiaHR0cHM6XC9cL2FydGlzdGVzLXJlbmRldXguYmVcL3dwLWNvbnRlbnRcL3VwbG9hZHNcLzIwMjNcLzA4XC8yMDIzMDgyMV8xNjE3NDItc2NhbGVkLmpwZyIsInNsaWRlc2hvdyI6IjEyNjFkYzdlIn0%3D\" href=\"https:\/\/artistes-rendeux.be\/wp-content\/uploads\/2023\/08\/20230821_161742-scaled.jpg\"><figure class=\"swiper-slide-inner\"><img decoding=\"async\" class=\"swiper-slide-image\" src=\"https:\/\/artistes-rendeux.be\/wp-content\/uploads\/2023\/08\/20230821_161742-768x928.jpg\" alt=\"Confidences\" \/><figcaption class=\"elementor-image-carousel-caption\">Confidences<\/figcaption><\/figure><\/a><\/div>\t\t\t<\/div>\n\t\t\t\t\t\t\t\t\t\t\t\t<div class=\"elementor-swiper-button elementor-swiper-button-prev\" role=\"button\" tabindex=\"0\">\n\t\t\t\t\t\t<i aria-hidden=\"true\" class=\"eicon-chevron-left\"><\/i>\t\t\t\t\t<\/div>\n\t\t\t\t\t<div class=\"elementor-swiper-button elementor-swiper-button-next\" role=\"button\" tabindex=\"0\">\n\t\t\t\t\t\t<i aria-hidden=\"true\" class=\"eicon-chevron-right\"><\/i>\t\t\t\t\t<\/div>\n\t\t\t\t\n\t\t\t\t\t\t\t\t\t<\/div>\n\t\t\t\t\t\t<\/div>\n\t\t\t\t<\/div>\n\t\t\t\t<div class=\"elementor-element elementor-element-fdc453b text-addon elementor-widget elementor-widget-text-editor\" data-id=\"fdc453b\" data-element_type=\"widget\" data-e-type=\"widget\" data-widget_type=\"text-editor.default\">\n\t\t\t\t<div class=\"elementor-widget-container\">\n\t\t\t\t\t\t\t\t\t<p>Simple clic sur l&rsquo;\u0153uvre pour l&rsquo;agrandir.<\/p>\t\t\t\t\t\t\t\t<\/div>\n\t\t\t\t<\/div>\n\t\t\t\t\t<\/div>\n\t\t<\/div>\n\t\t\t\t<div class=\"elementor-column elementor-col-33 elementor-top-column elementor-element elementor-element-6bec36a0 mid-div-col\" data-id=\"6bec36a0\" data-element_type=\"column\" data-e-type=\"column\">\n\t\t\t<div class=\"elementor-widget-wrap elementor-element-populated\">\n\t\t\t\t\t\t<div class=\"elementor-element elementor-element-1d72fce5 elementor-widget elementor-widget-heading\" data-id=\"1d72fce5\" data-element_type=\"widget\" data-e-type=\"widget\" data-widget_type=\"heading.default\">\n\t\t\t\t<div class=\"elementor-widget-container\">\n\t\t\t\t\t<h2 class=\"elementor-heading-title elementor-size-large\">Atler Rob<\/h2>\t\t\t\t<\/div>\n\t\t\t\t<\/div>\n\t\t\t\t<div class=\"elementor-element elementor-element-79b3a148 elementor-widget elementor-widget-heading\" data-id=\"79b3a148\" data-element_type=\"widget\" data-e-type=\"widget\" data-widget_type=\"heading.default\">\n\t\t\t\t<div class=\"elementor-widget-container\">\n\t\t\t\t\t<h4 class=\"elementor-heading-title elementor-size-default\">Atler Robert<\/h4>\t\t\t\t<\/div>\n\t\t\t\t<\/div>\n\t\t\t\t<div class=\"elementor-element elementor-element-10ba5db4 elementor-widget elementor-widget-text-editor\" data-id=\"10ba5db4\" data-element_type=\"widget\" data-e-type=\"widget\" data-widget_type=\"text-editor.default\">\n\t\t\t\t<div class=\"elementor-widget-container\">\n\t\t\t\t\t\t\t\t\t<table><tbody><tr><td><em>Classification<\/em><\/td><td>Sculpture<\/td><\/tr><tr><td><em>Sp\u00e9cialisation<\/em><\/td><td>Bois, pl\u00e2tre, terre cuite, paper clay<\/td><\/tr><tr><td><em>Adresse<\/em><\/td><td>6987 Marcourt<\/td><\/tr><tr><td><em>Gsm \/ Fixe<\/em><\/td><td>+32 478 917 301<\/td><\/tr><tr><td><em>Adresse mail<\/em><\/td><td><a href=\"mailto:atler.rob@gmail.com\">atler.rob@gmail.com<\/a><\/td><\/tr><tr><td><em>Adresse site web<\/em><\/td><td>\u00a0<\/td><\/tr><tr><td><em>Facebook<\/em><\/td><td>\u00a0<\/td><\/tr><tr><td><em>Autre<\/em><\/td><td>\u00a0<\/td><\/tr><\/tbody><\/table>\t\t\t\t\t\t\t\t<\/div>\n\t\t\t\t<\/div>\n\t\t\t\t\t<\/div>\n\t\t<\/div>\n\t\t\t\t<div class=\"elementor-column elementor-col-33 elementor-top-column elementor-element elementor-element-7c10918b right-div-col\" data-id=\"7c10918b\" data-element_type=\"column\" data-e-type=\"column\">\n\t\t\t<div class=\"elementor-widget-wrap elementor-element-populated\">\n\t\t\t\t\t\t<div class=\"elementor-element elementor-element-219ca9a8 elementor-widget elementor-widget-image\" data-id=\"219ca9a8\" data-element_type=\"widget\" data-e-type=\"widget\" data-widget_type=\"image.default\">\n\t\t\t\t<div class=\"elementor-widget-container\">\n\t\t\t\t\t\t\t\t\t\t\t\t\t\t\t<img decoding=\"async\" src=\"https:\/\/artistes-rendeux.be\/wp-content\/uploads\/elementor\/thumbs\/JE-q7zp93wywsnqrj3hqx5wmg6ux616h3c52flyus2b80.jpg\" title=\"JE\" alt=\"JE\" loading=\"lazy\" \/>\t\t\t\t\t\t\t\t\t\t\t\t\t\t\t<\/div>\n\t\t\t\t<\/div>\n\t\t\t\t\t<\/div>\n\t\t<\/div>\n\t\t\t\t\t<\/div>\n\t\t<\/section>\n\t\t\t\t<section class=\"elementor-section elementor-top-section elementor-element elementor-element-226d4079 elementor-section-boxed elementor-section-height-default elementor-section-height-default elementor-invisible\" data-id=\"226d4079\" data-element_type=\"section\" data-e-type=\"section\" data-settings=\"{&quot;animation&quot;:&quot;fadeIn&quot;}\">\n\t\t\t\t\t\t<div class=\"elementor-container elementor-column-gap-default\">\n\t\t\t\t\t<div class=\"elementor-column elementor-col-100 elementor-top-column elementor-element elementor-element-7405fbba\" data-id=\"7405fbba\" data-element_type=\"column\" data-e-type=\"column\">\n\t\t\t<div class=\"elementor-widget-wrap elementor-element-populated\">\n\t\t\t\t\t\t<div class=\"elementor-element elementor-element-47386dac elementor-widget elementor-widget-text-editor\" data-id=\"47386dac\" data-element_type=\"widget\" data-e-type=\"widget\" data-widget_type=\"text-editor.default\">\n\t\t\t\t<div class=\"elementor-widget-container\">\n\t\t\t\t\t\t\t\t\t<div class=\"limited-text\"><em style=\"color: black;\">Chemin erratique&#8230; au fil du temps et des saisons.<\/em><\/div>\t\t\t\t\t\t\t\t<\/div>\n\t\t\t\t<\/div>\n\t\t\t\t<div class=\"elementor-element elementor-element-60604414 elementor-widget-divider--view-line elementor-widget elementor-widget-divider\" data-id=\"60604414\" data-element_type=\"widget\" data-e-type=\"widget\" data-widget_type=\"divider.default\">\n\t\t\t\t<div class=\"elementor-widget-container\">\n\t\t\t\t\t\t\t<div class=\"elementor-divider\">\n\t\t\t<span class=\"elementor-divider-separator\">\n\t\t\t\t\t\t<\/span>\n\t\t<\/div>\n\t\t\t\t\t\t<\/div>\n\t\t\t\t<\/div>\n\t\t\t\t\t<\/div>\n\t\t<\/div>\n\t\t\t\t\t<\/div>\n\t\t<\/section>\n\t\t\t\t<\/div>\n\t\t","protected":false},"excerpt":{"rendered":"<p>Venez appr\u00e9cier la beaut\u00e9 et la qualit\u00e9 des sculptures pr\u00e9sent\u00e9es sur notre siteet d\u00e9couvrez l\u2019habilet\u00e9 et la cr\u00e9ativit\u00e9 de nos sculpteurs locaux. Notre site regroupeune s\u00e9lection vari\u00e9e de sculptures, allant des \u0153uvres en bois aux \u0153uvres en m\u00e9tal, en passantpar les sculptures en pierre et en c\u00e9ramique.\u00a0 dav Simple clic sur l&rsquo;\u0153uvre pour l&rsquo;agrandir. Gilbert [&hellip;]<\/p>\n","protected":false},"author":1,"featured_media":0,"parent":0,"menu_order":0,"comment_status":"closed","ping_status":"closed","template":"","meta":{"_monsterinsights_skip_tracking":false,"_monsterinsights_sitenote_active":false,"_monsterinsights_sitenote_note":"","_monsterinsights_sitenote_category":0,"footnotes":""},"class_list":["post-58","page","type-page","status-publish","hentry"],"aioseo_notices":[],"_links":{"self":[{"href":"https:\/\/artistes-rendeux.be\/index.php\/wp-json\/wp\/v2\/pages\/58","targetHints":{"allow":["GET"]}}],"collection":[{"href":"https:\/\/artistes-rendeux.be\/index.php\/wp-json\/wp\/v2\/pages"}],"about":[{"href":"https:\/\/artistes-rendeux.be\/index.php\/wp-json\/wp\/v2\/types\/page"}],"author":[{"embeddable":true,"href":"https:\/\/artistes-rendeux.be\/index.php\/wp-json\/wp\/v2\/users\/1"}],"replies":[{"embeddable":true,"href":"https:\/\/artistes-rendeux.be\/index.php\/wp-json\/wp\/v2\/comments?post=58"}],"version-history":[{"count":147,"href":"https:\/\/artistes-rendeux.be\/index.php\/wp-json\/wp\/v2\/pages\/58\/revisions"}],"predecessor-version":[{"id":7826,"href":"https:\/\/artistes-rendeux.be\/index.php\/wp-json\/wp\/v2\/pages\/58\/revisions\/7826"}],"wp:attachment":[{"href":"https:\/\/artistes-rendeux.be\/index.php\/wp-json\/wp\/v2\/media?parent=58"}],"curies":[{"name":"wp","href":"https:\/\/api.w.org\/{rel}","templated":true}]}}